{"id":14,"date":"2017-05-06T12:36:46","date_gmt":"2017-05-06T12:36:46","guid":{"rendered":"http:\/\/uebernachten-bei-meiers.de\/?page_id=14"},"modified":"2017-07-08T10:28:47","modified_gmt":"2017-07-08T10:28:47","slug":"kontakt","status":"publish","type":"page","link":"https:\/\/uebernachten-bei-meiers.de\/?page_id=14","title":{"rendered":"Kontakt"},"content":{"rendered":"<p><strong>\u00dcbernachten bei Meiers<br \/>\n<\/strong>Am K\u00f6nigsb\u00fchl 4<br \/>\n88147 Achberg<\/p>\n<p>info@uebernachten-bei-meiers.de<\/p>\n","protected":false},"excerpt":{"rendered":"<p>\u00dcbernachten bei Meiers Am K\u00f6nigsb\u00fchl 4 88147 Achberg info@uebernachten-bei-meiers.de<\/p>\n","protected":false},"author":1,"featured_media":0,"parent":0,"menu_order":0,"comment_status":"closed","ping_status":"closed","template":"","meta":[],"_links":{"self":[{"href":"https:\/\/uebernachten-bei-meiers.de\/index.php?rest_route=\/wp\/v2\/pages\/14"}],"collection":[{"href":"https:\/\/uebernachten-bei-meiers.de\/index.php?rest_route=\/wp\/v2\/pages"}],"about":[{"href":"https:\/\/uebernachten-bei-meiers.de\/index.php?rest_route=\/wp\/v2\/types\/page"}],"author":[{"embeddable":true,"href":"https:\/\/uebernachten-bei-meiers.de\/index.php?rest_route=\/wp\/v2\/users\/1"}],"replies":[{"embeddable":true,"href":"https:\/\/uebernachten-bei-meiers.de\/index.php?rest_route=%2Fwp%2Fv2%2Fcomments&post=14"}],"version-history":[{"count":4,"href":"https:\/\/uebernachten-bei-meiers.de\/index.php?rest_route=\/wp\/v2\/pages\/14\/revisions"}],"predecessor-version":[{"id":587,"href":"https:\/\/uebernachten-bei-meiers.de\/index.php?rest_route=\/wp\/v2\/pages\/14\/revisions\/587"}],"wp:attachment":[{"href":"https:\/\/uebernachten-bei-meiers.de\/index.php?rest_route=%2Fwp%2Fv2%2Fmedia&parent=14"}],"curies":[{"name":"wp","href":"https:\/\/api.w.org\/{rel}","templated":true}]}}