{"id":20,"date":"2017-05-06T12:43:09","date_gmt":"2017-05-06T12:43:09","guid":{"rendered":"http:\/\/uebernachten-bei-meiers.de\/?page_id=20"},"modified":"2017-07-03T22:06:44","modified_gmt":"2017-07-03T22:06:44","slug":"lage","status":"publish","type":"page","link":"https:\/\/uebernachten-bei-meiers.de\/?page_id=20","title":{"rendered":"Lage"},"content":{"rendered":"<p><img decoding=\"async\" loading=\"lazy\" class=\"alignleft wp-image-550 size-full\" src=\"http:\/\/uebernachten-bei-meiers.de\/wp-content\/uploads\/2017\/07\/Sonja_Anfahrt-01.png\" alt=\"\" width=\"4000\" height=\"2269\" srcset=\"https:\/\/uebernachten-bei-meiers.de\/wp-content\/uploads\/2017\/07\/Sonja_Anfahrt-01.png 4000w, https:\/\/uebernachten-bei-meiers.de\/wp-content\/uploads\/2017\/07\/Sonja_Anfahrt-01-150x85.png 150w, https:\/\/uebernachten-bei-meiers.de\/wp-content\/uploads\/2017\/07\/Sonja_Anfahrt-01-300x170.png 300w, https:\/\/uebernachten-bei-meiers.de\/wp-content\/uploads\/2017\/07\/Sonja_Anfahrt-01-768x436.png 768w, https:\/\/uebernachten-bei-meiers.de\/wp-content\/uploads\/2017\/07\/Sonja_Anfahrt-01-1024x581.png 1024w, https:\/\/uebernachten-bei-meiers.de\/wp-content\/uploads\/2017\/07\/Sonja_Anfahrt-01-830x471.png 830w, https:\/\/uebernachten-bei-meiers.de\/wp-content\/uploads\/2017\/07\/Sonja_Anfahrt-01-230x130.png 230w, https:\/\/uebernachten-bei-meiers.de\/wp-content\/uploads\/2017\/07\/Sonja_Anfahrt-01-350x199.png 350w, https:\/\/uebernachten-bei-meiers.de\/wp-content\/uploads\/2017\/07\/Sonja_Anfahrt-01-480x272.png 480w\" sizes=\"(max-width: 4000px) 100vw, 4000px\" \/><\/p>\n<p>&nbsp;<\/p>\n<p>Sie erreichen uns von der A 96 (Behelfsausfahrt Neuravensburg) in Richtung Oberreitnau, dabei in Isigatweiler rechts bis K\u00f6nigsb\u00fchl (gr\u00fcnes Schild) die n\u00e4chste M\u00f6glichkeit rechts und gleich wieder rechts zwischen den beiden Carports.<br \/>\nOder A 96 Ausfahrt Weissensberg an der Kreuzung rechts in Richtung Wangen (B 18). Nach ca. 2 km links nach Pechtensweiler, weiter nach Esseratsweiler. Ortsmitte rechts wiederum Richtung Wangen. Zweite Stra\u00dfe links ab nach Duznau. Von da aus links bis K\u00f6nigsb\u00fchl.<\/p>\n","protected":false},"excerpt":{"rendered":"<p>&nbsp; Sie erreichen uns von der A 96 (Behelfsausfahrt Neuravensburg) in Richtung Oberreitnau, dabei in Isigatweiler rechts bis K\u00f6nigsb\u00fchl (gr\u00fcnes Schild) die [&hellip;]<\/p>\n","protected":false},"author":1,"featured_media":0,"parent":0,"menu_order":0,"comment_status":"closed","ping_status":"closed","template":"","meta":[],"_links":{"self":[{"href":"https:\/\/uebernachten-bei-meiers.de\/index.php?rest_route=\/wp\/v2\/pages\/20"}],"collection":[{"href":"https:\/\/uebernachten-bei-meiers.de\/index.php?rest_route=\/wp\/v2\/pages"}],"about":[{"href":"https:\/\/uebernachten-bei-meiers.de\/index.php?rest_route=\/wp\/v2\/types\/page"}],"author":[{"embeddable":true,"href":"https:\/\/uebernachten-bei-meiers.de\/index.php?rest_route=\/wp\/v2\/users\/1"}],"replies":[{"embeddable":true,"href":"https:\/\/uebernachten-bei-meiers.de\/index.php?rest_route=%2Fwp%2Fv2%2Fcomments&post=20"}],"version-history":[{"count":11,"href":"https:\/\/uebernachten-bei-meiers.de\/index.php?rest_route=\/wp\/v2\/pages\/20\/revisions"}],"predecessor-version":[{"id":541,"href":"https:\/\/uebernachten-bei-meiers.de\/index.php?rest_route=\/wp\/v2\/pages\/20\/revisions\/541"}],"wp:attachment":[{"href":"https:\/\/uebernachten-bei-meiers.de\/index.php?rest_route=%2Fwp%2Fv2%2Fmedia&parent=20"}],"curies":[{"name":"wp","href":"https:\/\/api.w.org\/{rel}","templated":true}]}}