{"id":22,"date":"2017-05-06T12:43:09","date_gmt":"2017-05-06T12:43:09","guid":{"rendered":"http:\/\/uebernachten-bei-meiers.de\/?page_id=22"},"modified":"2017-07-11T05:49:38","modified_gmt":"2017-07-11T05:49:38","slug":"souterrain-wohnung","status":"publish","type":"page","link":"https:\/\/uebernachten-bei-meiers.de\/?page_id=22","title":{"rendered":"Souterrain Wohnung"},"content":{"rendered":"<p>Bis zu 5 Personen<\/p>\n<h5>Als \u00dcbernachtungsm\u00f6glichkeit f\u00fcr Durchreisende und Messebesucher hervorragend geeignet.<\/h5>\n<hr \/>\n<p>Die im Untergeschoss befindliche Wohnung ist liebevoll und ausgew\u00e4hlt best\u00fcckt. Sie hat einen Wohnraum mit TV\/Hifi-Anlage und ist gem\u00fctlich f\u00fcr den Abend eingerichtet. Sie teilt sich desweiteren in 3 Schlafr\u00e4ume auf, wovon in einem ein Futonbett (1,4-2,0m) im anderen ein Einzelbett und in einem seperaten Wohn\/Schlafraum ein Einzelbett mit Schublade nebst einer Couch, einer beheizten Ofenbank und sich auch eine Waschgelegenheit befindet. Eine Diele mit Fr\u00fchst\u00fcckstheke, Dusche und seperatem WC trennen die Schlafr\u00e4ume.<\/p>\n<p>F\u00fcr eine Gruppe von 4-8 Personen bietet sich im Dachgeschoss ein gemeinsames Fr\u00fchst\u00fcck am gro\u00dfen Tisch an. Ebenso die M\u00f6glichkeit die im Keller befindliche Sauna mitzubuchen.<\/p>\n<p>Ideal f\u00fcr eine Zwischen\u00fcbernachtung in den Urlaub oder Heimreisende, Motorradfahrer oder Biker.<\/p>\n<hr \/>\n<p>&nbsp;<\/p>\n<!-- Final Tiles Grid Gallery for WordPress v3.5.5 free --><style>#ftg-66 .tile .icon { color:#ffffff; }#ftg-66 .ftg-items .loading-bar i { background:#fff; }#ftg-66 .ftg-items .loading-bar { background:#fff; }#ftg-66 .tile .icon { font-size:12px; }#ftg-66 .tile .icon { margin: -6px 0 0 -6px; }#ftg-66 .tile .caption-block .text-wrapper span.text { font-size:12px; }#ftg-66 .tile .caption-outside .text-wrapper span.text { font-size:12px; }#ftg-66 .tile .caption-block .text-wrapper span.title { font-size:14px; }#ftg-66 .tile .caption-outside .text-wrapper span.title { font-size:14px; }#ftg-66 .tile { background-color: transparent; }#ftg-66 .tile .caption-block .text-wrapper span.text { color: #ffffff; }#ftg-66 .tile .caption-block .text-wrapper span.title { color: #ffffff; }#ftg-66 .tile .caption-outside .text-wrapper span.text { color: #ffffff; }#ftg-66 .tile .caption-outside .text-wrapper span.title { color: #ffffff; }#ftg-66 .tile .ftg-social a { color: #ffffff; }#ftg-66 .tile .caption-block { transition-timing-function:linear; }#ftg-66 .tile .caption-block { transition-duration:0.25s; }#ftg-66 .tile .tile-inner:before { background-color: #000000; }#ftg-66 .tile .tile-inner:before { background-color: rgba(0, 0, 0, 0.8); }#ftg-66 .tile:hover img {-moz-transform: ;-webkit-transform: ;-o-transform: ;-ms-transform: ;transform: ;}<\/style><a name='6'><\/a><div class='final-tiles-gallery  ftg-hover-enabled caption-inside  caption-none caption-middle caption-center' id='ftg-66' style='width:100%'><div class='ftg-items'><div class='loading-bar'><i><\/i><\/div><div  class='tile ftg-preload  '><a title=\"Sitzecke\" data-lightbox='ftg-66' rel='ftg-66'  class=' tile-inner  ftg-lightbox' href='https:\/\/uebernachten-bei-meiers.de\/wp-content\/uploads\/2017\/07\/Kueche_2-1024x724.jpg' ><img alt='Sitzecke' class='item skip-lazy' data-class='item' data-ftg-source='http:\/\/uebernachten-bei-meiers.de\/wp-content\/uploads\/2017\/07\/Kueche_2-550x400.jpg' src='http:\/\/uebernachten-bei-meiers.de\/wp-content\/uploads\/2017\/07\/Kueche_2-550x400.jpg' width='3349' height='2368' \/><div class='caption-block'><div class='text-wrapper'><span class='title'>Sitzecke<\/span><\/div><\/div><\/a><div class='ftg-social'><\/div><\/div><div  class='tile ftg-preload  '><a title=\"K\u00fcche\" data-lightbox='ftg-66' rel='ftg-66'  class=' tile-inner  ftg-lightbox' href='https:\/\/uebernachten-bei-meiers.de\/wp-content\/uploads\/2017\/07\/Kueche-1024x812.jpg' ><img alt='K\u00fcche' class='item skip-lazy' data-class='item' data-ftg-source='http:\/\/uebernachten-bei-meiers.de\/wp-content\/uploads\/2017\/07\/Kueche-550x400.jpg' src='http:\/\/uebernachten-bei-meiers.de\/wp-content\/uploads\/2017\/07\/Kueche-550x400.jpg' width='2977' height='2360' \/><div class='caption-block'><div class='text-wrapper'><span class='title'>K\u00fcche<\/span><\/div><\/div><\/a><div class='ftg-social'><\/div><\/div><div  class='tile ftg-preload  '><a title=\"Wohnzimmer\" data-lightbox='ftg-66' rel='ftg-66'  class=' tile-inner  ftg-lightbox' href='https:\/\/uebernachten-bei-meiers.de\/wp-content\/uploads\/2017\/07\/Wohnzimmer2-1024x762.jpg' ><img alt='Wohnzimmer' class='item skip-lazy' data-class='item' data-ftg-source='http:\/\/uebernachten-bei-meiers.de\/wp-content\/uploads\/2017\/07\/Wohnzimmer2-550x400.jpg' src='http:\/\/uebernachten-bei-meiers.de\/wp-content\/uploads\/2017\/07\/Wohnzimmer2-550x400.jpg' width='3183' height='2368' \/><div class='caption-block'><div class='text-wrapper'><span class='title'>Wohnzimmer<\/span><\/div><\/div><\/a><div class='ftg-social'><\/div><\/div><div  class='tile ftg-preload  '><a title=\"Schlafzimmer\" data-lightbox='ftg-66' rel='ftg-66'  class=' tile-inner  ftg-lightbox' href='https:\/\/uebernachten-bei-meiers.de\/wp-content\/uploads\/2017\/07\/Schlafzimmer-1024x683.jpg' ><img alt='Schlafzimmer' class='item skip-lazy' data-class='item' data-ftg-source='http:\/\/uebernachten-bei-meiers.de\/wp-content\/uploads\/2017\/07\/Schlafzimmer-550x400.jpg' src='http:\/\/uebernachten-bei-meiers.de\/wp-content\/uploads\/2017\/07\/Schlafzimmer-550x400.jpg' width='3552' height='2368' \/><div class='caption-block'><div class='text-wrapper'><span class='title'>Schlafzimmer<\/span><\/div><\/div><\/a><div class='ftg-social'><\/div><\/div><div  class='tile ftg-preload  '><a title=\"Schlafzimmer 2\" data-lightbox='ftg-66' rel='ftg-66'  class=' tile-inner  ftg-lightbox' href='https:\/\/uebernachten-bei-meiers.de\/wp-content\/uploads\/2017\/07\/Schlafzimmer2-1024x683.jpg' ><img alt='Schlafzimmer 2' class='item skip-lazy' data-class='item' data-ftg-source='http:\/\/uebernachten-bei-meiers.de\/wp-content\/uploads\/2017\/07\/Schlafzimmer2-550x400.jpg' src='http:\/\/uebernachten-bei-meiers.de\/wp-content\/uploads\/2017\/07\/Schlafzimmer2-550x400.jpg' width='3552' height='2368' \/><div class='caption-block'><div class='text-wrapper'><span class='title'>Schlafzimmer 2<\/span><\/div><\/div><\/a><div class='ftg-social'><\/div><\/div><\/div><\/div><script type='text\/javascript'>jQuery('#ftg-66 img.item').removeAttr('src');jQuery(document).ready(function () {setTimeout(function () {jQuery('#ftg-66').finalTilesGallery({minTileWidth: 250,margin: 10,loadMethod: 'sequential',nonce: '486ccfca84',galleryId: '6',setupFilters: true,layout: 'columns',debug: false,gridSize: 0,disableGridSizeBelow:800,allowEnlargement: true,columns: [[4000, 2],[1024, 1],[800, 1],[480, 1],[320, 1]],selectedFilter: 'n-a'});jQuery(function () {(function () {var rel = '';jQuery('#ftg-66 .ftg-lightbox').click(function (e) {rel = jQuery(this).attr('rel');jQuery('#ftg-66 .ftg-current').removeClass('ftg-current');jQuery('#ftg-66 [rel=\"'+rel+'\"]').addClass('ftg-current');});})();});}, 0);});<\/script>\n","protected":false},"excerpt":{"rendered":"<p>Bis zu 5 Personen Als \u00dcbernachtungsm\u00f6glichkeit f\u00fcr Durchreisende und Messebesucher hervorragend geeignet. Die im Untergeschoss befindliche Wohnung ist liebevoll und ausgew\u00e4hlt best\u00fcckt. [&hellip;]<\/p>\n","protected":false},"author":1,"featured_media":0,"parent":0,"menu_order":2,"comment_status":"closed","ping_status":"closed","template":"","meta":[],"_links":{"self":[{"href":"https:\/\/uebernachten-bei-meiers.de\/index.php?rest_route=\/wp\/v2\/pages\/22"}],"collection":[{"href":"https:\/\/uebernachten-bei-meiers.de\/index.php?rest_route=\/wp\/v2\/pages"}],"about":[{"href":"https:\/\/uebernachten-bei-meiers.de\/index.php?rest_route=\/wp\/v2\/types\/page"}],"author":[{"embeddable":true,"href":"https:\/\/uebernachten-bei-meiers.de\/index.php?rest_route=\/wp\/v2\/users\/1"}],"replies":[{"embeddable":true,"href":"https:\/\/uebernachten-bei-meiers.de\/index.php?rest_route=%2Fwp%2Fv2%2Fcomments&post=22"}],"version-history":[{"count":7,"href":"https:\/\/uebernachten-bei-meiers.de\/index.php?rest_route=\/wp\/v2\/pages\/22\/revisions"}],"predecessor-version":[{"id":589,"href":"https:\/\/uebernachten-bei-meiers.de\/index.php?rest_route=\/wp\/v2\/pages\/22\/revisions\/589"}],"wp:attachment":[{"href":"https:\/\/uebernachten-bei-meiers.de\/index.php?rest_route=%2Fwp%2Fv2%2Fmedia&parent=22"}],"curies":[{"name":"wp","href":"https:\/\/api.w.org\/{rel}","templated":true}]}}